{"id":2603,"date":"2021-05-12T11:54:49","date_gmt":"2023-02-08T10:31:07","guid":{"rendered":"https:\/\/www.sappax.fi\/tuote\/ratik-pindade-puhastamiseks\/"},"modified":"2023-02-08T10:31:07","modified_gmt":"2023-02-08T10:31:07","slug":"sappax-pindade-puhastamise-ratik","status":"publish","type":"product","link":"https:\/\/www.sappax.fi\/et\/tuote\/sappax-pindade-puhastamise-ratik\/","title":{"rendered":"R\u00e4tik pindade puhastamiseks"},"content":{"rendered":"<p>Pindade puhastamiseks m\u00f5eldud 32&#215;32 cm Sappaxi mikrokiust r\u00e4tik on v\u00e4lja t\u00f6\u00f6tatud t\u00f5husaks puhastamiseks, nt koos KW puhastusvedeliku ja KW koristustarvikutega.<\/p>\n<p>Sappaxi pindade puhastamiseks m\u00f5eldud r\u00e4tik on kvaliteetne mikrokiududest kootud lapp, mis sobib ka n\u00f5udlike tingimuste jaoks.<\/p>\n<p>Masinpesu max 90 \u00b0C.<\/p>\n<p>Enne kasutamist on soovitatav pesta lappi l\u00fchikese pesuprogrammiga, mis eemaldab sellest elektri.<\/p>\n<p>\u00c4rge kasutage pesupehmendajaid ega pleegitusaineid.<\/p>\n<p>Mikrokiust pesu peske alati eraldi.<\/p>\n","protected":false},"excerpt":{"rendered":"<p>Sappaxi pindade puhastamiseks m\u00f5eldud 32&#215;32 cm r\u00e4tik on kvaliteetne mikrokiududest kootud lapp, mis sobib ka n\u00f5udlike tingimuste jaoks.<\/p>\n","protected":false},"featured_media":2476,"template":"","meta":[],"product_brand":[],"product_cat":[142],"product_tag":[144,146,143,147,145],"class_list":{"0":"post-2603","1":"product","2":"type-product","3":"status-publish","4":"has-post-thumbnail","6":"product_cat-uldine","7":"product_tag-helesinine","8":"product_tag-mikrokiud","9":"product_tag-ratik-pindade-puhastamiseks","10":"product_tag-roheline","11":"product_tag-roosa","13":"first","14":"instock","15":"taxable","16":"shipping-taxable","17":"purchasable","18":"product-type-variable"},"_links":{"self":[{"href":"https:\/\/www.sappax.fi\/et\/wp-json\/wp\/v2\/product\/2603","targetHints":{"allow":["GET"]}}],"collection":[{"href":"https:\/\/www.sappax.fi\/et\/wp-json\/wp\/v2\/product"}],"about":[{"href":"https:\/\/www.sappax.fi\/et\/wp-json\/wp\/v2\/types\/product"}],"wp:featuredmedia":[{"embeddable":true,"href":"https:\/\/www.sappax.fi\/et\/wp-json\/wp\/v2\/media\/2476"}],"wp:attachment":[{"href":"https:\/\/www.sappax.fi\/et\/wp-json\/wp\/v2\/media?parent=2603"}],"wp:term":[{"taxonomy":"product_brand","embeddable":true,"href":"https:\/\/www.sappax.fi\/et\/wp-json\/wp\/v2\/product_brand?post=2603"},{"taxonomy":"product_cat","embeddable":true,"href":"https:\/\/www.sappax.fi\/et\/wp-json\/wp\/v2\/product_cat?post=2603"},{"taxonomy":"product_tag","embeddable":true,"href":"https:\/\/www.sappax.fi\/et\/wp-json\/wp\/v2\/product_tag?post=2603"}],"curies":[{"name":"wp","href":"https:\/\/api.w.org\/{rel}","templated":true}]}}