{"id":2611,"date":"2021-08-02T10:25:56","date_gmt":"2021-08-02T10:25:56","guid":{"rendered":"https:\/\/www.sappax.fi\/tuote\/koduseks-kasutamiseks-sappaxi-mitmeotstarbeline-puhastustooriist\/"},"modified":"2023-02-08T10:31:35","modified_gmt":"2023-02-08T10:31:35","slug":"kodune-kasutus-sappax-mitmeotstarbeline-puhastustooriist","status":"publish","type":"product","link":"https:\/\/www.sappax.fi\/et\/tuote\/kodune-kasutus-sappax-mitmeotstarbeline-puhastustooriist\/","title":{"rendered":"Koduseks kasutamiseks \u2013 Sappaxi mitmeotstarbeline puhastust\u00f6\u00f6riist"},"content":{"rendered":"","protected":false},"excerpt":{"rendered":"<p>Komplektis on kas 40 v\u00f5i 50 cm Sappaxi raam, reguleeritav profiilivars ja kaks varrukas-lappi (\u00fcks avatud mikrokiududega materjalist ja teine ja mikropol\u00fcestrist). Soovi korral saate tellida t\u00e4iendavaid varrukas-lappe, olenevalt teie korteri suurusest. Alustuseks soovitame v\u00e4hemalt kahte varrukas-lappi.<\/p>\n","protected":false},"featured_media":2386,"template":"","meta":[],"product_brand":[],"product_cat":[142],"product_tag":[149],"class_list":{"0":"post-2611","1":"product","2":"type-product","3":"status-publish","4":"has-post-thumbnail","6":"product_cat-uldine","7":"product_tag-sappaxi-mitmeotstarbeline-puhastustooriist","9":"first","10":"instock","11":"taxable","12":"shipping-taxable","13":"purchasable","14":"product-type-variable"},"_links":{"self":[{"href":"https:\/\/www.sappax.fi\/et\/wp-json\/wp\/v2\/product\/2611","targetHints":{"allow":["GET"]}}],"collection":[{"href":"https:\/\/www.sappax.fi\/et\/wp-json\/wp\/v2\/product"}],"about":[{"href":"https:\/\/www.sappax.fi\/et\/wp-json\/wp\/v2\/types\/product"}],"wp:featuredmedia":[{"embeddable":true,"href":"https:\/\/www.sappax.fi\/et\/wp-json\/wp\/v2\/media\/2386"}],"wp:attachment":[{"href":"https:\/\/www.sappax.fi\/et\/wp-json\/wp\/v2\/media?parent=2611"}],"wp:term":[{"taxonomy":"product_brand","embeddable":true,"href":"https:\/\/www.sappax.fi\/et\/wp-json\/wp\/v2\/product_brand?post=2611"},{"taxonomy":"product_cat","embeddable":true,"href":"https:\/\/www.sappax.fi\/et\/wp-json\/wp\/v2\/product_cat?post=2611"},{"taxonomy":"product_tag","embeddable":true,"href":"https:\/\/www.sappax.fi\/et\/wp-json\/wp\/v2\/product_tag?post=2611"}],"curies":[{"name":"wp","href":"https:\/\/api.w.org\/{rel}","templated":true}]}}