{"id":2614,"date":"2021-04-26T12:41:40","date_gmt":"2023-02-08T10:31:48","guid":{"rendered":"https:\/\/www.sappax.fi\/tuote\/sappaxi-raami-vahetuskumm\/"},"modified":"2023-02-08T10:31:48","modified_gmt":"2023-02-08T10:31:48","slug":"sappaxi-raami-vahetuskumm","status":"publish","type":"product","link":"https:\/\/www.sappax.fi\/et\/tuote\/sappaxi-raami-vahetuskumm\/","title":{"rendered":"Sappaxi raami vahetuskumm"},"content":{"rendered":"","protected":false},"excerpt":{"rendered":"<p>Vahetuskumm on valmistatud antibakteriaalsest termoplastikust. Kumme on 6 erineva pikkusega. T\u00e4nu kahele terale pikeneb kasutusiga kahekordselt. Kaksiktera tera nurk ei ole s\u00fcmmeetriline, seega t\u00e4nu tera nurgale saab kuivatada ja p\u00fchkida madalate tasapindade alt.<\/p>\n","protected":false},"featured_media":2423,"template":"","meta":[],"product_brand":[],"product_cat":[151],"product_tag":[153,154,147,150,152],"class_list":{"0":"post-2614","1":"product","2":"type-product","3":"status-publish","4":"has-post-thumbnail","6":"product_cat-vahetuskummid","7":"product_tag-antibakteriaalne","8":"product_tag-mitmeotstarbeline-puhastustooriist","9":"product_tag-roheline","10":"product_tag-sappaxi-raam","11":"product_tag-vahetuskumm","13":"first","14":"instock","15":"taxable","16":"shipping-taxable","17":"purchasable","18":"product-type-variable"},"_links":{"self":[{"href":"https:\/\/www.sappax.fi\/et\/wp-json\/wp\/v2\/product\/2614","targetHints":{"allow":["GET"]}}],"collection":[{"href":"https:\/\/www.sappax.fi\/et\/wp-json\/wp\/v2\/product"}],"about":[{"href":"https:\/\/www.sappax.fi\/et\/wp-json\/wp\/v2\/types\/product"}],"wp:featuredmedia":[{"embeddable":true,"href":"https:\/\/www.sappax.fi\/et\/wp-json\/wp\/v2\/media\/2423"}],"wp:attachment":[{"href":"https:\/\/www.sappax.fi\/et\/wp-json\/wp\/v2\/media?parent=2614"}],"wp:term":[{"taxonomy":"product_brand","embeddable":true,"href":"https:\/\/www.sappax.fi\/et\/wp-json\/wp\/v2\/product_brand?post=2614"},{"taxonomy":"product_cat","embeddable":true,"href":"https:\/\/www.sappax.fi\/et\/wp-json\/wp\/v2\/product_cat?post=2614"},{"taxonomy":"product_tag","embeddable":true,"href":"https:\/\/www.sappax.fi\/et\/wp-json\/wp\/v2\/product_tag?post=2614"}],"curies":[{"name":"wp","href":"https:\/\/api.w.org\/{rel}","templated":true}]}}