{"id":2643,"date":"2021-04-27T08:18:00","date_gmt":"2023-02-08T10:33:04","guid":{"rendered":"https:\/\/www.sappax.fi\/tuote\/koristustarvikute-kott\/"},"modified":"2023-02-08T10:33:04","modified_gmt":"2023-02-08T10:33:04","slug":"koristustarvikute-kott","status":"publish","type":"product","link":"https:\/\/www.sappax.fi\/et\/tuote\/koristustarvikute-kott\/","title":{"rendered":"Koristustarvikute kott"},"content":{"rendered":"","protected":false},"excerpt":{"rendered":"<p>Koristustarvikute kott sisaldab k\u00f5ike, mida vajate. Selles on koristustarvikud ja puhastusained. Vajadusel kasv\u00f5i t\u00f6\u00f6jalatsid.<\/p>\n<p>Kotte on kahes suuruses. Suurem sisaldab 2 \u00e4mbrit, 5 erineva suurusega taskut, hoiukohti kahele \u00e4mbrile, taskut koristusvahenditele, v\u00e4ikest aknaga taskut visiitkaartidele ja suuremat taskut A4-formaadis lehtedele.<\/p>\n<p>V\u00e4iksem sisaldab \u00fchte \u00e4mbrit ja mahutab v\u00e4hem. Soovi korral on saadaval v\u00e4iksem koristustarvikute kott.<\/p>\n<p>&nbsp;<\/p>\n","protected":false},"featured_media":3764,"template":"","meta":[],"product_brand":[],"product_cat":[163],"product_tag":[167,164,165,166],"class_list":{"0":"post-2643","1":"product","2":"type-product","3":"status-publish","4":"has-post-thumbnail","6":"product_cat-koristustarvikute-kott","7":"product_tag-amber","8":"product_tag-koristustarvikute-kott","9":"product_tag-kott","10":"product_tag-sinine","12":"first","13":"instock","14":"taxable","15":"shipping-taxable","16":"purchasable","17":"product-type-simple"},"_links":{"self":[{"href":"https:\/\/www.sappax.fi\/et\/wp-json\/wp\/v2\/product\/2643","targetHints":{"allow":["GET"]}}],"collection":[{"href":"https:\/\/www.sappax.fi\/et\/wp-json\/wp\/v2\/product"}],"about":[{"href":"https:\/\/www.sappax.fi\/et\/wp-json\/wp\/v2\/types\/product"}],"wp:featuredmedia":[{"embeddable":true,"href":"https:\/\/www.sappax.fi\/et\/wp-json\/wp\/v2\/media\/3764"}],"wp:attachment":[{"href":"https:\/\/www.sappax.fi\/et\/wp-json\/wp\/v2\/media?parent=2643"}],"wp:term":[{"taxonomy":"product_brand","embeddable":true,"href":"https:\/\/www.sappax.fi\/et\/wp-json\/wp\/v2\/product_brand?post=2643"},{"taxonomy":"product_cat","embeddable":true,"href":"https:\/\/www.sappax.fi\/et\/wp-json\/wp\/v2\/product_cat?post=2643"},{"taxonomy":"product_tag","embeddable":true,"href":"https:\/\/www.sappax.fi\/et\/wp-json\/wp\/v2\/product_tag?post=2643"}],"curies":[{"name":"wp","href":"https:\/\/api.w.org\/{rel}","templated":true}]}}