{"id":2646,"date":"2021-04-27T08:28:54","date_gmt":"2023-02-08T10:33:20","guid":{"rendered":"https:\/\/www.sappax.fi\/tuote\/pindade-kuivataja\/"},"modified":"2023-02-08T10:33:20","modified_gmt":"2023-02-08T10:33:20","slug":"pindade-kuivataja","status":"publish","type":"product","link":"https:\/\/www.sappax.fi\/et\/tuote\/pindade-kuivataja\/","title":{"rendered":"Pindade kuivataja"},"content":{"rendered":"","protected":false},"excerpt":{"rendered":"<p>Pindade kuivataja\u200bon ergonoomiline ja h\u00fcgieeniline t\u00f6\u00f6riist\u200blamedate pindade jaoks. Sobib riiulitelt vee, jahu jms eemaldamiseks. Kumm on valmistatud antibakteriaalsest termoplastikust. Pindade kuivataja\u200bkoosneb kahest eraldi tootest, st 30 cm kahe teraga kuivatajast 7030L v\u00f5i 7030XL ja l\u00fchikesest varrest 8020.<\/p>\n","protected":false},"featured_media":3790,"template":"","meta":[],"product_brand":[],"product_cat":[162],"product_tag":[],"class_list":{"0":"post-2646","1":"product","2":"type-product","3":"status-publish","4":"has-post-thumbnail","6":"product_cat-kahe-teraga-kuivatajad","8":"first","9":"instock","10":"taxable","11":"shipping-taxable","12":"purchasable","13":"product-type-simple"},"_links":{"self":[{"href":"https:\/\/www.sappax.fi\/et\/wp-json\/wp\/v2\/product\/2646","targetHints":{"allow":["GET"]}}],"collection":[{"href":"https:\/\/www.sappax.fi\/et\/wp-json\/wp\/v2\/product"}],"about":[{"href":"https:\/\/www.sappax.fi\/et\/wp-json\/wp\/v2\/types\/product"}],"wp:featuredmedia":[{"embeddable":true,"href":"https:\/\/www.sappax.fi\/et\/wp-json\/wp\/v2\/media\/3790"}],"wp:attachment":[{"href":"https:\/\/www.sappax.fi\/et\/wp-json\/wp\/v2\/media?parent=2646"}],"wp:term":[{"taxonomy":"product_brand","embeddable":true,"href":"https:\/\/www.sappax.fi\/et\/wp-json\/wp\/v2\/product_brand?post=2646"},{"taxonomy":"product_cat","embeddable":true,"href":"https:\/\/www.sappax.fi\/et\/wp-json\/wp\/v2\/product_cat?post=2646"},{"taxonomy":"product_tag","embeddable":true,"href":"https:\/\/www.sappax.fi\/et\/wp-json\/wp\/v2\/product_tag?post=2646"}],"curies":[{"name":"wp","href":"https:\/\/api.w.org\/{rel}","templated":true}]}}