{"id":2680,"date":"2020-11-11T09:13:27","date_gmt":"2020-11-11T09:13:27","guid":{"rendered":"https:\/\/www.sappax.fi\/tuote\/varrukas-lapp-avatud-mikrokiud\/"},"modified":"2023-02-08T10:37:30","modified_gmt":"2023-02-08T10:37:30","slug":"pinot-grigio-umbris","status":"publish","type":"product","link":"https:\/\/www.sappax.fi\/et\/tuote\/pinot-grigio-umbris\/","title":{"rendered":"varrukas-lapp, avatud mikrokiud"},"content":{"rendered":"","protected":false},"excerpt":{"rendered":"<p>Sappaxi varrukas-lapid on saadaval kahes erinevas materjalis.<\/p>\n<p>Lilla 100% avatud mikrokiud sobib kuiv- ja m\u00e4rgp\u00fchkimiseks. Varrukas-lappi saab ka k\u00e4tte t\u00f5mmata, et kasutada seda nagu lamedat r\u00e4tikut, nt trepi k\u00e4sipuude p\u00fchkimiseks.<\/p>\n<p>Varrukas-lappe v\u00f5ib pesta 40\u201395 kraadi juures, soovitatav on kasutada trummelkuivatust. Varrukas-lapp kestab kuni 1000 pesukorda.<\/p>\n<p>Varrukas-lapid sobivad ka vaha pealekandmiseks ja neid saab kasutada ka laiade 80\u2013120 cm t\u00f6\u00f6riistadega-<\/p>\n<p>Varrukas-lapp on alati raamist ca 5 cm laiem, nt 40 cm Sappax raamile 1040 sobib 45 cm varrukas-lapp 10045 v\u00f5i 11045.<\/p>\n","protected":false},"featured_media":3794,"template":"","meta":[],"product_brand":[],"product_cat":[180,179],"product_tag":[155,146,178],"class_list":{"0":"post-2680","1":"product","2":"type-product","3":"status-publish","4":"has-post-thumbnail","6":"product_cat-esileht","7":"product_cat-varrukas-lapp","8":"product_tag-lilla","9":"product_tag-mikrokiud","10":"product_tag-varrukas-lapp","12":"first","13":"instock","14":"taxable","15":"shipping-taxable","16":"purchasable","17":"product-type-variable"},"_links":{"self":[{"href":"https:\/\/www.sappax.fi\/et\/wp-json\/wp\/v2\/product\/2680","targetHints":{"allow":["GET"]}}],"collection":[{"href":"https:\/\/www.sappax.fi\/et\/wp-json\/wp\/v2\/product"}],"about":[{"href":"https:\/\/www.sappax.fi\/et\/wp-json\/wp\/v2\/types\/product"}],"wp:featuredmedia":[{"embeddable":true,"href":"https:\/\/www.sappax.fi\/et\/wp-json\/wp\/v2\/media\/3794"}],"wp:attachment":[{"href":"https:\/\/www.sappax.fi\/et\/wp-json\/wp\/v2\/media?parent=2680"}],"wp:term":[{"taxonomy":"product_brand","embeddable":true,"href":"https:\/\/www.sappax.fi\/et\/wp-json\/wp\/v2\/product_brand?post=2680"},{"taxonomy":"product_cat","embeddable":true,"href":"https:\/\/www.sappax.fi\/et\/wp-json\/wp\/v2\/product_cat?post=2680"},{"taxonomy":"product_tag","embeddable":true,"href":"https:\/\/www.sappax.fi\/et\/wp-json\/wp\/v2\/product_tag?post=2680"}],"curies":[{"name":"wp","href":"https:\/\/api.w.org\/{rel}","templated":true}]}}