{"id":2709,"date":"2021-04-26T12:12:35","date_gmt":"2023-02-08T10:39:39","guid":{"rendered":"https:\/\/www.sappax.fi\/tuote\/reguleeritav-profiilvars\/"},"modified":"2023-02-08T10:39:39","modified_gmt":"2023-02-08T10:39:39","slug":"reguleeritav-profiilvars","status":"publish","type":"product","link":"https:\/\/www.sappax.fi\/et\/tuote\/reguleeritav-profiilvars\/","title":{"rendered":"Reguleeritav profiilvars"},"content":{"rendered":"","protected":false},"excerpt":{"rendered":"<p>Sappaxi reguleeritavad profiilvarred on ergonoomilised, kerged ja t\u00f6\u00f6kindlad teleskoopvarred. Varre v\u00e4limine toru on valmistatud vastupidavast komposiitmaterjalist. Reguleeritavad profiilvarred on saadaval kahes erinevas suuruses ja kolmes erinevas v\u00e4rvitoonis.<\/p>\n<p>L\u00fchemat vart (toote nr 8090) saab reguleerida vahemikus 50\u201390 cm ja pikemat vart (toote nr 8180) saab reguleerida vahemikus 95\u2013180 cm.<\/p>\n<p>Varre saab puhastamiseks lahti v\u00f5tta ilma t\u00f6\u00f6riistadeta.<\/p>\n","protected":false},"featured_media":3778,"template":"","meta":[],"product_brand":[],"product_cat":[180,159],"product_tag":[155,185,147,186],"class_list":{"0":"post-2709","1":"product","2":"type-product","3":"status-publish","4":"has-post-thumbnail","6":"product_cat-esileht","7":"product_cat-sappaxi-varred-ja-varte-tarvikud","8":"product_tag-lilla","9":"product_tag-reguleeritav-profiilvars","10":"product_tag-roheline","11":"product_tag-turkiissinine","13":"first","14":"instock","15":"taxable","16":"shipping-taxable","17":"purchasable","18":"product-type-variable"},"_links":{"self":[{"href":"https:\/\/www.sappax.fi\/et\/wp-json\/wp\/v2\/product\/2709","targetHints":{"allow":["GET"]}}],"collection":[{"href":"https:\/\/www.sappax.fi\/et\/wp-json\/wp\/v2\/product"}],"about":[{"href":"https:\/\/www.sappax.fi\/et\/wp-json\/wp\/v2\/types\/product"}],"wp:featuredmedia":[{"embeddable":true,"href":"https:\/\/www.sappax.fi\/et\/wp-json\/wp\/v2\/media\/3778"}],"wp:attachment":[{"href":"https:\/\/www.sappax.fi\/et\/wp-json\/wp\/v2\/media?parent=2709"}],"wp:term":[{"taxonomy":"product_brand","embeddable":true,"href":"https:\/\/www.sappax.fi\/et\/wp-json\/wp\/v2\/product_brand?post=2709"},{"taxonomy":"product_cat","embeddable":true,"href":"https:\/\/www.sappax.fi\/et\/wp-json\/wp\/v2\/product_cat?post=2709"},{"taxonomy":"product_tag","embeddable":true,"href":"https:\/\/www.sappax.fi\/et\/wp-json\/wp\/v2\/product_tag?post=2709"}],"curies":[{"name":"wp","href":"https:\/\/api.w.org\/{rel}","templated":true}]}}