{"id":2732,"date":"2021-04-23T08:52:43","date_gmt":"2023-02-08T10:40:51","guid":{"rendered":"https:\/\/www.sappax.fi\/tuote\/sappaxi-raam\/"},"modified":"2023-02-08T10:40:51","modified_gmt":"2023-02-08T10:40:51","slug":"sappaxi-raam","status":"publish","type":"product","link":"https:\/\/www.sappax.fi\/et\/tuote\/sappaxi-raam\/","title":{"rendered":"Sappaxi raam"},"content":{"rendered":"","protected":false},"excerpt":{"rendered":"<p>Sappaxi raam toimib nii kuivatajana kui ka p\u00fchkijana ning varrukas-lapiga koos kasutamisel ka pesemise t\u00f6\u00f6riistana. Raamid on saadaval 6 erinevas laiuses: 30, 40, 50, 80, 100 ja 120 cm.<\/p>\n<p>30 cm mitmeotstarbelise puhastust\u00f6\u00f6riistaga (Sappaxi raam + varrukas-lapp + reguleeritav profiilvars) saate k\u00f5ige paremini puhastada lauapindu, vertikaalseid pindu, kitsast ja\/v\u00f5i madalat m\u00f6\u00f6blit, nt lasteaedades.<\/p>\n<p>40 cm mitmeotstarbeline puhastust\u00f6\u00f6riist sobib suurep\u00e4raselt koduseks kasutamiseks. Seda on m\u00f6bleeritud ruumides lihtne kasutada, sest saate mugavalt puhastada nii p\u00f5randaliiste kui ka kitsaid tualettruume. Seadet v\u00f5ib hoida pesuruumis, kus see toimib kuivatajana.<\/p>\n<p>50 cm mitmeotstarbeline puhastust\u00f6\u00f6riist on k\u00f5ige tavalisem valik professionaalide jaoks. Ergonoomika, mitmek\u00fclgsus ja kergus tagavad t\u00f5husa t\u00f6\u00f6. Sobib ka suuremate ja avaramate m\u00f6bleeritud ruumide korrashoiuks.<\/p>\n<p>80\u2013100 cm mitmeotstarbelised puhastust\u00f6\u00f6riistad sobivad h\u00e4sti koridoride, konverentsiruumide ja muude avaralt sisustatud ruumide nagu riietusruumide korrashoiuks.<\/p>\n<p>100\u2013120 cm mitmeotstarbelisi puhastust\u00f6\u00f6riistu saab kasutada koridoride ja fuajeede, spordisaalide ja muude avatud ruumide koristamiseks. Laiad 80\u2013120 cm raamid on varustatud varrukas-lapi kinnitusmehhanismiga.<\/p>\n","protected":false},"featured_media":3786,"template":"","meta":[],"product_brand":[],"product_cat":[180,188],"product_tag":[185,149,150,178],"class_list":{"0":"post-2732","1":"product","2":"type-product","3":"status-publish","4":"has-post-thumbnail","6":"product_cat-esileht","7":"product_cat-sappaxi-raamid","8":"product_tag-reguleeritav-profiilvars","9":"product_tag-sappaxi-mitmeotstarbeline-puhastustooriist","10":"product_tag-sappaxi-raam","11":"product_tag-varrukas-lapp","13":"first","14":"instock","15":"taxable","16":"shipping-taxable","17":"purchasable","18":"product-type-variable"},"_links":{"self":[{"href":"https:\/\/www.sappax.fi\/et\/wp-json\/wp\/v2\/product\/2732","targetHints":{"allow":["GET"]}}],"collection":[{"href":"https:\/\/www.sappax.fi\/et\/wp-json\/wp\/v2\/product"}],"about":[{"href":"https:\/\/www.sappax.fi\/et\/wp-json\/wp\/v2\/types\/product"}],"wp:featuredmedia":[{"embeddable":true,"href":"https:\/\/www.sappax.fi\/et\/wp-json\/wp\/v2\/media\/3786"}],"wp:attachment":[{"href":"https:\/\/www.sappax.fi\/et\/wp-json\/wp\/v2\/media?parent=2732"}],"wp:term":[{"taxonomy":"product_brand","embeddable":true,"href":"https:\/\/www.sappax.fi\/et\/wp-json\/wp\/v2\/product_brand?post=2732"},{"taxonomy":"product_cat","embeddable":true,"href":"https:\/\/www.sappax.fi\/et\/wp-json\/wp\/v2\/product_cat?post=2732"},{"taxonomy":"product_tag","embeddable":true,"href":"https:\/\/www.sappax.fi\/et\/wp-json\/wp\/v2\/product_tag?post=2732"}],"curies":[{"name":"wp","href":"https:\/\/api.w.org\/{rel}","templated":true}]}}