{"id":3052,"date":"2023-03-24T13:39:20","date_gmt":"2023-03-24T13:39:20","guid":{"rendered":"https:\/\/www.sappax.fi\/produktion\/"},"modified":"2023-03-24T15:07:39","modified_gmt":"2023-03-24T15:07:39","slug":"produktion","status":"publish","type":"page","link":"https:\/\/www.sappax.fi\/sv\/produktion\/","title":{"rendered":"Produktion"},"content":{"rendered":"<div class=\"fusion-fullwidth fullwidth-box fusion-builder-row-1 fusion-flex-container nonhundred-percent-fullwidth non-hundred-percent-height-scrolling\" style=\"--awb-border-radius-top-left:0px;--awb-border-radius-top-right:0px;--awb-border-radius-bottom-right:0px;--awb-border-radius-bottom-left:0px;--awb-flex-wrap:wrap;\" ><div class=\"fusion-builder-row fusion-row fusion-flex-align-items-center fusion-flex-justify-content-center fusion-flex-content-wrap\" style=\"max-width:calc( 1200px + );margin-left: calc(- \/ 2 );margin-right: calc(- \/ 2 );\"><div class=\"fusion-layout-column fusion_builder_column fusion-builder-column-0 fusion-flex-column\" style=\"--awb-bg-size:cover;--awb-width-large:15%;--awb-margin-top-large:0px;--awb-spacing-right-large:;--awb-margin-bottom-large:20px;--awb-spacing-left-large:;--awb-width-medium:15%;--awb-order-medium:0;--awb-spacing-right-medium:;--awb-spacing-left-medium:;--awb-width-small:100%;--awb-order-small:0;--awb-spacing-right-small:;--awb-spacing-left-small:;\"><div class=\"fusion-column-wrapper fusion-column-has-shadow fusion-flex-justify-content-flex-start fusion-content-layout-column\"><\/div><\/div><div class=\"fusion-layout-column fusion_builder_column fusion-builder-column-1 fusion-flex-column fusion-flex-align-self-center\" style=\"--awb-bg-size:cover;--awb-width-large:35%;--awb-margin-top-large:0px;--awb-spacing-right-large:;--awb-margin-bottom-large:20px;--awb-spacing-left-large:;--awb-width-medium:35%;--awb-order-medium:0;--awb-spacing-right-medium:;--awb-spacing-left-medium:;--awb-width-small:100%;--awb-order-small:0;--awb-spacing-right-small:;--awb-spacing-left-small:;\"><div class=\"fusion-column-wrapper fusion-column-has-shadow fusion-flex-justify-content-center fusion-content-layout-column\"><div class=\"fusion-separator fusion-full-width-sep\" style=\"align-self: center;margin-left: auto;margin-right: auto;margin-top:120px;width:100%;\"><\/div><div class=\"fusion-image-element \" style=\"text-align:center;--awb-liftup-border-radius:0px;--awb-caption-title-font-family:var(--h2_typography-font-family);--awb-caption-title-font-weight:var(--h2_typography-font-weight);--awb-caption-title-font-style:var(--h2_typography-font-style);--awb-caption-title-size:var(--h2_typography-font-size);--awb-caption-title-transform:var(--h2_typography-text-transform);--awb-caption-title-line-height:var(--h2_typography-line-height);--awb-caption-title-letter-spacing:var(--h2_typography-letter-spacing);\"><div class=\"awb-image-frame awb-image-frame-1 imageframe-liftup\"><span class=\" fusion-imageframe imageframe-none imageframe-1\"><a href=\"https:\/\/www.sappax.fi\/wp-content\/uploads\/2021\/04\/Sappax-tuotanto-1200x600-1.jpg\" class=\"fusion-lightbox\" data-rel=\"iLightbox[a0a59b3cb8daaca8545]\" data-title=\"Sappax tuotantoa Myllyojankadulla\" title=\"Sappax tuotantoa Myllyojankadulla\"><img decoding=\"async\" width=\"1200\" height=\"600\" src=\"https:\/\/www.sappax.fi\/wp-content\/uploads\/2021\/04\/Sappax-tuotanto-1200x600-1.jpg\" data-orig-src=\"https:\/\/www.sappax.fi\/wp-content\/uploads\/2021\/04\/Sappax-tuotanto-1200x600-1.jpg\" alt class=\"lazyload img-responsive wp-image-2943\" srcset=\"data:image\/svg+xml,%3Csvg%20xmlns%3D%27http%3A%2F%2Fwww.w3.org%2F2000%2Fsvg%27%20width%3D%271200%27%20height%3D%27600%27%20viewBox%3D%270%200%201200%20600%27%3E%3Crect%20width%3D%271200%27%20height%3D%27600%27%20fill-opacity%3D%220%22%2F%3E%3C%2Fsvg%3E\" data-srcset=\"https:\/\/www.sappax.fi\/wp-content\/uploads\/2021\/04\/Sappax-tuotanto-1200x600-1-200x100.jpg 200w, https:\/\/www.sappax.fi\/wp-content\/uploads\/2021\/04\/Sappax-tuotanto-1200x600-1-400x200.jpg 400w, https:\/\/www.sappax.fi\/wp-content\/uploads\/2021\/04\/Sappax-tuotanto-1200x600-1-600x300.jpg 600w, https:\/\/www.sappax.fi\/wp-content\/uploads\/2021\/04\/Sappax-tuotanto-1200x600-1-800x400.jpg 800w, https:\/\/www.sappax.fi\/wp-content\/uploads\/2021\/04\/Sappax-tuotanto-1200x600-1.jpg 1200w\" data-sizes=\"auto\" data-orig-sizes=\"(max-width: 640px) 100vw, 1200px\" \/><\/a><\/span><\/div><\/div><div class=\"fusion-separator fusion-full-width-sep\" style=\"align-self: center;margin-left: auto;margin-right: auto;margin-top:18px;width:100%;\"><\/div><div class=\"fusion-text fusion-text-1\"><p>Sappax produkter \u00e4r resultat av finl\u00e4ndsk yrkeskompetens. Alla v\u00e5ra st\u00e4dredskap \u00e4r finl\u00e4ndsk produktion. Vi har sj\u00e4lva utformat, skapat eller l\u00e5tit skapa verktygen och maskinerna i Sappax produktion i v\u00e5r hemstad Salo.<\/p>\n<\/div><div class=\"fusion-separator fusion-full-width-sep\" style=\"align-self: center;margin-left: auto;margin-right: auto;margin-top:70px;width:100%;\"><\/div><div class=\"fusion-image-element \" style=\"text-align:center;--awb-liftup-border-radius:0px;--awb-caption-title-font-family:var(--h2_typography-font-family);--awb-caption-title-font-weight:var(--h2_typography-font-weight);--awb-caption-title-font-style:var(--h2_typography-font-style);--awb-caption-title-size:var(--h2_typography-font-size);--awb-caption-title-transform:var(--h2_typography-text-transform);--awb-caption-title-line-height:var(--h2_typography-line-height);--awb-caption-title-letter-spacing:var(--h2_typography-letter-spacing);\"><div class=\"awb-image-frame awb-image-frame-2 imageframe-liftup\"><span class=\" fusion-imageframe imageframe-none imageframe-2\"><a href=\"https:\/\/www.sappax.fi\/wp-content\/uploads\/2021\/04\/Vihreat-varret.jpg\" class=\"fusion-lightbox\" data-rel=\"iLightbox[e0b634b3e1e9a5e484c]\" data-title=\"Sappax vihre\u00e4t varret\" title=\"Sappax vihre\u00e4t varret\"><img decoding=\"async\" width=\"1200\" height=\"600\" src=\"https:\/\/www.sappax.fi\/wp-content\/uploads\/2021\/04\/Vihreat-varret.jpg\" data-orig-src=\"https:\/\/www.sappax.fi\/wp-content\/uploads\/2021\/04\/Vihreat-varret.jpg\" alt class=\"lazyload img-responsive wp-image-2949\" srcset=\"data:image\/svg+xml,%3Csvg%20xmlns%3D%27http%3A%2F%2Fwww.w3.org%2F2000%2Fsvg%27%20width%3D%271200%27%20height%3D%27600%27%20viewBox%3D%270%200%201200%20600%27%3E%3Crect%20width%3D%271200%27%20height%3D%27600%27%20fill-opacity%3D%220%22%2F%3E%3C%2Fsvg%3E\" data-srcset=\"https:\/\/www.sappax.fi\/wp-content\/uploads\/2021\/04\/Vihreat-varret-200x100.jpg 200w, https:\/\/www.sappax.fi\/wp-content\/uploads\/2021\/04\/Vihreat-varret-400x200.jpg 400w, https:\/\/www.sappax.fi\/wp-content\/uploads\/2021\/04\/Vihreat-varret-600x300.jpg 600w, https:\/\/www.sappax.fi\/wp-content\/uploads\/2021\/04\/Vihreat-varret-800x400.jpg 800w, https:\/\/www.sappax.fi\/wp-content\/uploads\/2021\/04\/Vihreat-varret.jpg 1200w\" data-sizes=\"auto\" data-orig-sizes=\"(max-width: 640px) 100vw, 1200px\" \/><\/a><\/span><\/div><\/div><div class=\"fusion-separator fusion-full-width-sep\" style=\"align-self: center;margin-left: auto;margin-right: auto;margin-top:18px;width:100%;\"><\/div><div class=\"fusion-text fusion-text-2\"><p>Inom utformningsarbetet har vi str\u00e4vat efter att genom en h\u00f6gklassig produkt kunna erbjuda v\u00e5ra kunder en h\u00f6gklassig st\u00e4dupplevelse och inom utformningen av produkterna har vi fokuserat p\u00e5 effektiv anv\u00e4ndbarhet. Vi vill erbjuda v\u00e5ra kunden den b\u00e4sta kvaliteten och p\u00e5 grund av detta granskar vi varje produkt i f\u00f6rpackningsstadiet, f\u00f6re den skickas till kunden.<\/p>\n<\/div><div class=\"fusion-separator fusion-full-width-sep\" style=\"align-self: center;margin-left: auto;margin-right: auto;margin-top:70px;width:100%;\"><\/div><div class=\"fusion-image-element \" style=\"text-align:center;--awb-liftup-border-radius:0px;--awb-caption-title-font-family:var(--h2_typography-font-family);--awb-caption-title-font-weight:var(--h2_typography-font-weight);--awb-caption-title-font-style:var(--h2_typography-font-style);--awb-caption-title-size:var(--h2_typography-font-size);--awb-caption-title-transform:var(--h2_typography-text-transform);--awb-caption-title-line-height:var(--h2_typography-line-height);--awb-caption-title-letter-spacing:var(--h2_typography-letter-spacing);\"><div class=\"awb-image-frame awb-image-frame-3 imageframe-liftup\"><span class=\" fusion-imageframe imageframe-none imageframe-3\"><a href=\"https:\/\/www.sappax.fi\/wp-content\/uploads\/2021\/04\/Ompelutuotantoa.jpg\" class=\"fusion-lightbox\" data-rel=\"iLightbox[f292bf6805b134a16f3]\" data-title=\"Ompelutuotantoa\" title=\"Ompelutuotantoa\"><img decoding=\"async\" width=\"1200\" height=\"600\" src=\"https:\/\/www.sappax.fi\/wp-content\/uploads\/2021\/04\/Ompelutuotantoa.jpg\" data-orig-src=\"https:\/\/www.sappax.fi\/wp-content\/uploads\/2021\/04\/Ompelutuotantoa.jpg\" alt class=\"lazyload img-responsive wp-image-2946\" srcset=\"data:image\/svg+xml,%3Csvg%20xmlns%3D%27http%3A%2F%2Fwww.w3.org%2F2000%2Fsvg%27%20width%3D%271200%27%20height%3D%27600%27%20viewBox%3D%270%200%201200%20600%27%3E%3Crect%20width%3D%271200%27%20height%3D%27600%27%20fill-opacity%3D%220%22%2F%3E%3C%2Fsvg%3E\" data-srcset=\"https:\/\/www.sappax.fi\/wp-content\/uploads\/2021\/04\/Ompelutuotantoa-200x100.jpg 200w, https:\/\/www.sappax.fi\/wp-content\/uploads\/2021\/04\/Ompelutuotantoa-400x200.jpg 400w, https:\/\/www.sappax.fi\/wp-content\/uploads\/2021\/04\/Ompelutuotantoa-600x300.jpg 600w, https:\/\/www.sappax.fi\/wp-content\/uploads\/2021\/04\/Ompelutuotantoa-800x400.jpg 800w, https:\/\/www.sappax.fi\/wp-content\/uploads\/2021\/04\/Ompelutuotantoa.jpg 1200w\" data-sizes=\"auto\" data-orig-sizes=\"(max-width: 640px) 100vw, 1200px\" \/><\/a><\/span><\/div><\/div><div class=\"fusion-separator fusion-full-width-sep\" style=\"align-self: center;margin-left: auto;margin-right: auto;margin-top:18px;width:100%;\"><\/div><div class=\"fusion-text fusion-text-3\"><p>Om det inte \u00e4r f\u00f6rnuftigt att vi g\u00f6r n\u00e5got sj\u00e4lv, g\u00f6r vi det i samarbete med och som underentreprenad hos de b\u00e4sta experterna. I s\u00e5dana fall utf\u00f6rs allt arbete d\u00e4r man kan det b\u00e4st och detta syns i produkternas kvalitet.<\/p>\n<\/div><div class=\"fusion-separator fusion-full-width-sep\" style=\"align-self: center;margin-left: auto;margin-right: auto;margin-top:70px;width:100%;\"><\/div><div class=\"fusion-image-element \" style=\"text-align:center;--awb-liftup-border-radius:0px;--awb-caption-title-font-family:var(--h2_typography-font-family);--awb-caption-title-font-weight:var(--h2_typography-font-weight);--awb-caption-title-font-style:var(--h2_typography-font-style);--awb-caption-title-size:var(--h2_typography-font-size);--awb-caption-title-transform:var(--h2_typography-text-transform);--awb-caption-title-line-height:var(--h2_typography-line-height);--awb-caption-title-letter-spacing:var(--h2_typography-letter-spacing);\"><div class=\"awb-image-frame awb-image-frame-4 imageframe-liftup\"><span class=\" fusion-imageframe imageframe-none imageframe-4\"><a href=\"https:\/\/www.sappax.fi\/wp-content\/uploads\/2021\/04\/Metalliosien-tuotantoa2.jpg\" class=\"fusion-lightbox\" data-rel=\"iLightbox[d4ebf08447278d4941e]\" data-title=\"Metalliosien tuotantoa Salossa\" title=\"Metalliosien tuotantoa Salossa\"><img decoding=\"async\" width=\"1200\" height=\"600\" src=\"https:\/\/www.sappax.fi\/wp-content\/uploads\/2021\/04\/Metalliosien-tuotantoa2.jpg\" data-orig-src=\"https:\/\/www.sappax.fi\/wp-content\/uploads\/2021\/04\/Metalliosien-tuotantoa2.jpg\" alt class=\"lazyload img-responsive wp-image-2948\" srcset=\"data:image\/svg+xml,%3Csvg%20xmlns%3D%27http%3A%2F%2Fwww.w3.org%2F2000%2Fsvg%27%20width%3D%271200%27%20height%3D%27600%27%20viewBox%3D%270%200%201200%20600%27%3E%3Crect%20width%3D%271200%27%20height%3D%27600%27%20fill-opacity%3D%220%22%2F%3E%3C%2Fsvg%3E\" data-srcset=\"https:\/\/www.sappax.fi\/wp-content\/uploads\/2021\/04\/Metalliosien-tuotantoa2-200x100.jpg 200w, https:\/\/www.sappax.fi\/wp-content\/uploads\/2021\/04\/Metalliosien-tuotantoa2-400x200.jpg 400w, https:\/\/www.sappax.fi\/wp-content\/uploads\/2021\/04\/Metalliosien-tuotantoa2-600x300.jpg 600w, https:\/\/www.sappax.fi\/wp-content\/uploads\/2021\/04\/Metalliosien-tuotantoa2-800x400.jpg 800w, https:\/\/www.sappax.fi\/wp-content\/uploads\/2021\/04\/Metalliosien-tuotantoa2.jpg 1200w\" data-sizes=\"auto\" data-orig-sizes=\"(max-width: 640px) 100vw, 1200px\" \/><\/a><\/span><\/div><\/div><div class=\"fusion-separator fusion-full-width-sep\" style=\"align-self: center;margin-left: auto;margin-right: auto;margin-top:18px;width:100%;\"><\/div><div class=\"fusion-text fusion-text-4\"><p>Vi tror att arbetet som utf\u00f6rs i dessa experters h\u00e4nder utf\u00f6rs lika dedikerat som om vi sj\u00e4lva gjorde det. Vi st\u00f6djer lokalt ursprung genom att k\u00f6pa in r\u00e5varor och underentreprenadsarbete s\u00e5 n\u00e4ra som m\u00f6jligt.<\/p>\n<\/div><div class=\"fusion-separator fusion-full-width-sep\" style=\"align-self: center;margin-left: auto;margin-right: auto;margin-top:70px;width:100%;\"><\/div><div class=\"fusion-image-element \" style=\"text-align:center;--awb-caption-title-font-family:var(--h2_typography-font-family);--awb-caption-title-font-weight:var(--h2_typography-font-weight);--awb-caption-title-font-style:var(--h2_typography-font-style);--awb-caption-title-size:var(--h2_typography-font-size);--awb-caption-title-transform:var(--h2_typography-text-transform);--awb-caption-title-line-height:var(--h2_typography-line-height);--awb-caption-title-letter-spacing:var(--h2_typography-letter-spacing);\"><span class=\" fusion-imageframe imageframe-none imageframe-5 hover-type-none\"><img decoding=\"async\" width=\"50\" height=\"71\" src=\"data:image\/svg+xml,%3Csvg%20xmlns%3D%27http%3A%2F%2Fwww.w3.org%2F2000%2Fsvg%27%20width%3D%2750%27%20height%3D%2771%27%20viewBox%3D%270%200%2050%2071%27%3E%3Crect%20width%3D%2750%27%20height%3D%2771%27%20fill-opacity%3D%220%22%2F%3E%3C%2Fsvg%3E\" data-orig-src=\"https:\/\/www.sappax.fi\/wp-content\/uploads\/2021\/03\/avainlippu_sininen_rgb_50x70.png\" alt class=\"lazyload img-responsive wp-image-2891\"\/><\/span><\/div><div class=\"fusion-separator fusion-full-width-sep\" style=\"align-self: center;margin-left: auto;margin-right: auto;margin-top:18px;width:100%;\"><\/div><div class=\"fusion-text fusion-text-5\"><p>V\u00e5r produktfamilj har f\u00f6rtj\u00e4nat m\u00e4rket Nyckelflaggan tack vare v\u00e5r produktion och v\u00e5rt st\u00f6d till lokal produktion.<\/p>\n<\/div><\/div><\/div><div class=\"fusion-layout-column fusion_builder_column fusion-builder-column-2 fusion-flex-column\" style=\"--awb-bg-size:cover;--awb-width-large:10%;--awb-margin-top-large:0px;--awb-spacing-right-large:;--awb-margin-bottom-large:20px;--awb-spacing-left-large:;--awb-width-medium:10%;--awb-order-medium:0;--awb-spacing-right-medium:;--awb-spacing-left-medium:;--awb-width-small:100%;--awb-order-small:0;--awb-spacing-right-small:;--awb-spacing-left-small:;\"><div class=\"fusion-column-wrapper fusion-column-has-shadow fusion-flex-justify-content-flex-start fusion-content-layout-column\"><\/div><\/div><div class=\"fusion-layout-column fusion_builder_column fusion-builder-column-3 fusion-flex-column\" style=\"--awb-bg-position:center bottom;--awb-bg-size:cover;--awb-width-large:34%;--awb-margin-top-large:0px;--awb-spacing-right-large:;--awb-margin-bottom-large:0px;--awb-spacing-left-large:;--awb-width-medium:34%;--awb-order-medium:0;--awb-spacing-right-medium:;--awb-spacing-left-medium:;--awb-width-small:100%;--awb-order-small:0;--awb-spacing-right-small:;--awb-spacing-left-small:;\"><div class=\"fusion-column-wrapper lazyload fusion-column-has-shadow fusion-flex-justify-content-flex-start fusion-content-layout-column fusion-empty-column-bg-image fusion-column-has-bg-image\" data-bg-url=\"https:\/\/www.sappax.fi\/wp-content\/uploads\/2021\/03\/Kaaret_logo.jpg\" data-bg=\"https:\/\/www.sappax.fi\/wp-content\/uploads\/2021\/03\/Kaaret_logo.jpg\"><img decoding=\"async\" class=\"fusion-empty-dims-img-placeholder\" aria-label=\"Kaaret_logo\" src=\"data:image\/svg+xml,%3Csvg%20xmlns%3D%27http%3A%2F%2Fwww.w3.org%2F2000%2Fsvg%27%20width%3D%27518%27%20height%3D%271796%27%20viewBox%3D%270%200%20518%201796%27%3E%3Crect%20width%3D%27518%27%20height%3D%271796%27%20fill-opacity%3D%220%22%2F%3E%3C%2Fsvg%3E\"><\/div><\/div><div class=\"fusion-layout-column fusion_builder_column fusion-builder-column-4 fusion-flex-column\" style=\"--awb-bg-size:cover;--awb-width-large:6%;--awb-margin-top-large:0px;--awb-spacing-right-large:;--awb-margin-bottom-large:20px;--awb-spacing-left-large:;--awb-width-medium:6%;--awb-order-medium:0;--awb-spacing-right-medium:;--awb-spacing-left-medium:;--awb-width-small:100%;--awb-order-small:0;--awb-spacing-right-small:;--awb-spacing-left-small:;\"><div class=\"fusion-column-wrapper fusion-column-has-shadow fusion-flex-justify-content-flex-start fusion-content-layout-column\"><\/div><\/div><div class=\"fusion-layout-column fusion_builder_column fusion-builder-column-5 fusion_builder_column_1_1 1_1 fusion-flex-column\" style=\"--awb-bg-size:cover;--awb-width-large:100%;--awb-margin-top-large:0px;--awb-spacing-right-large:;--awb-margin-bottom-large:20px;--awb-spacing-left-large:;--awb-width-medium:100%;--awb-order-medium:0;--awb-spacing-right-medium:;--awb-spacing-left-medium:;--awb-width-small:100%;--awb-order-small:0;--awb-spacing-right-small:;--awb-spacing-left-small:;\"><div class=\"fusion-column-wrapper fusion-column-has-shadow fusion-flex-justify-content-flex-start fusion-content-layout-column\"><div class=\"fusion-separator fusion-full-width-sep\" style=\"align-self: center;margin-left: auto;margin-right: auto;margin-top:125px;margin-bottom:125px;width:100%;\"><\/div><\/div><\/div><\/div><\/div>\n","protected":false},"excerpt":{"rendered":"","protected":false},"author":8,"featured_media":0,"parent":0,"menu_order":0,"comment_status":"closed","ping_status":"closed","template":"","meta":{"footnotes":""},"class_list":["post-3052","page","type-page","status-publish","hentry"],"_links":{"self":[{"href":"https:\/\/www.sappax.fi\/sv\/wp-json\/wp\/v2\/pages\/3052","targetHints":{"allow":["GET"]}}],"collection":[{"href":"https:\/\/www.sappax.fi\/sv\/wp-json\/wp\/v2\/pages"}],"about":[{"href":"https:\/\/www.sappax.fi\/sv\/wp-json\/wp\/v2\/types\/page"}],"author":[{"embeddable":true,"href":"https:\/\/www.sappax.fi\/sv\/wp-json\/wp\/v2\/users\/8"}],"replies":[{"embeddable":true,"href":"https:\/\/www.sappax.fi\/sv\/wp-json\/wp\/v2\/comments?post=3052"}],"version-history":[{"count":7,"href":"https:\/\/www.sappax.fi\/sv\/wp-json\/wp\/v2\/pages\/3052\/revisions"}],"predecessor-version":[{"id":3178,"href":"https:\/\/www.sappax.fi\/sv\/wp-json\/wp\/v2\/pages\/3052\/revisions\/3178"}],"wp:attachment":[{"href":"https:\/\/www.sappax.fi\/sv\/wp-json\/wp\/v2\/media?parent=3052"}],"curies":[{"name":"wp","href":"https:\/\/api.w.org\/{rel}","templated":true}]}}