{"id":3036,"date":"2020-11-11T09:13:27","date_gmt":"2020-11-11T09:13:27","guid":{"rendered":"https:\/\/www.sappax.fi\/tuote\/rorduk-uppskuren-mikrofiber\/"},"modified":"2023-03-24T15:06:44","modified_gmt":"2023-03-24T15:06:44","slug":"pinot-grigio-case","status":"publish","type":"product","link":"https:\/\/www.sappax.fi\/sv\/tuote\/pinot-grigio-case\/","title":{"rendered":"R\u00f6rduk, uppskuren mikrofiber"},"content":{"rendered":"","protected":false},"excerpt":{"rendered":"<p>Sappax r\u00f6rdukar finns i tv\u00e5 olika material.<\/p>\n<p>Lila 100 % uppskuren mikrofiber \u00e4r l\u00e4mplig f\u00f6r torr och fuktig avtorkning. R\u00f6rduken kan ocks\u00e5 f\u00f6ras \u00f6ver handen och likt en bordsduk anv\u00e4ndas f\u00f6r att t.ex. torka trappr\u00e4cken.<\/p>\n<p>R\u00f6rduken kan tv\u00e4ttas i 40-95 grader, torktumling \u00e4r rekommenderad. R\u00f6rduken t\u00e5l upp till 1 000 tv\u00e4ttg\u00e5nger.<\/p>\n<p>R\u00f6rdukarna \u00e4r ocks\u00e5 l\u00e4mpliga f\u00f6r att applicera vax och detta lyckas ocks\u00e5 med breda redskap med en storlek p\u00e5 80\u2013120 cm<\/p>\n<p>R\u00f6rduken \u00e4r alltid cirka 5 cm bredare \u00e4n stommen, t.ex. \u00e4r r\u00f6rduk 10045 eller 11045 p\u00e5 45 cm l\u00e4mplig f\u00f6r Sappax-stomme 1040 p\u00e5 40 cm.<\/p>\n","protected":false},"featured_media":3795,"template":"","meta":[],"product_brand":[],"product_cat":[199,198],"product_tag":[197,196,195],"class_list":{"0":"post-3036","1":"product","2":"type-product","3":"status-publish","4":"has-post-thumbnail","6":"product_cat-framsida","7":"product_cat-rorduk","8":"product_tag-lila-sv","9":"product_tag-mikrofiber","10":"product_tag-rorduk","12":"first","13":"instock","14":"taxable","15":"shipping-taxable","16":"purchasable","17":"product-type-variable"},"_links":{"self":[{"href":"https:\/\/www.sappax.fi\/sv\/wp-json\/wp\/v2\/product\/3036","targetHints":{"allow":["GET"]}}],"collection":[{"href":"https:\/\/www.sappax.fi\/sv\/wp-json\/wp\/v2\/product"}],"about":[{"href":"https:\/\/www.sappax.fi\/sv\/wp-json\/wp\/v2\/types\/product"}],"wp:featuredmedia":[{"embeddable":true,"href":"https:\/\/www.sappax.fi\/sv\/wp-json\/wp\/v2\/media\/3795"}],"wp:attachment":[{"href":"https:\/\/www.sappax.fi\/sv\/wp-json\/wp\/v2\/media?parent=3036"}],"wp:term":[{"taxonomy":"product_brand","embeddable":true,"href":"https:\/\/www.sappax.fi\/sv\/wp-json\/wp\/v2\/product_brand?post=3036"},{"taxonomy":"product_cat","embeddable":true,"href":"https:\/\/www.sappax.fi\/sv\/wp-json\/wp\/v2\/product_cat?post=3036"},{"taxonomy":"product_tag","embeddable":true,"href":"https:\/\/www.sappax.fi\/sv\/wp-json\/wp\/v2\/product_tag?post=3036"}],"curies":[{"name":"wp","href":"https:\/\/api.w.org\/{rel}","templated":true}]}}