{"id":3063,"date":"2021-04-23T08:52:43","date_gmt":"2023-03-24T13:39:41","guid":{"rendered":"https:\/\/www.sappax.fi\/tuote\/sappax-stomme\/"},"modified":"2023-03-24T15:07:59","modified_gmt":"2023-03-24T15:07:59","slug":"sappax-stomme","status":"publish","type":"product","link":"https:\/\/www.sappax.fi\/sv\/tuote\/sappax-stomme\/","title":{"rendered":"Sappax stomme"},"content":{"rendered":"","protected":false},"excerpt":{"rendered":"<p>Sappax-stommen fungerar som en torkare, sopare och med en r\u00f6rduk som en tv\u00e4ttare. Stommarna finns tillg\u00e4ngliga i 6 olika bredder, 30, 40, 50, 80, 100 och 120 cm.<\/p>\n<p>Multireng\u00f6raren p\u00e5 30 cm (Sappax-stomme + r\u00f6rduk + profiljusteringsskaft) \u00e4r b\u00e4st f\u00f6r att reng\u00f6ra bordsytor, vertikala ytor, smala och\/eller l\u00e5ga m\u00f6bler i t.ex. daghem.<\/p>\n<p>Multireng\u00f6raren p\u00e5 40 cm l\u00e4mpar sig utm\u00e4rkt f\u00f6r hemmet. Redskapet \u00e4r praktiskt i m\u00f6blerade utrymmen och med det reng\u00f6r du beh\u00e4ndigt bl.a. fotlister och tr\u00e5nga toalettutrymmen. Du kan f\u00f6rvara redskapet i tv\u00e4ttstugan, d\u00e4r det fungerar som en torkare.<\/p>\n<p>Multireng\u00f6raren p\u00e5 50 cm \u00e4r det vanligaste valet f\u00f6r en professionell. Ergonomin, m\u00e5ngsidigheten och dess l\u00e4tta vikt garanterar ett effektivt arbete. Den \u00e4r ocks\u00e5 l\u00e4mplig f\u00f6r st\u00f6rre och mer rymligt m\u00f6blerade utrymmen.<\/p>\n<p>Med multireng\u00f6rarna p\u00e5 80\u2013100 cm reng\u00f6r du korridorer, m\u00f6tesrum och andra rymligt m\u00f6blerade utrymmen, t.ex. omkl\u00e4dningsrum.<\/p>\n<p>Med multireng\u00f6rarna p\u00e5 100\u2013120 cm reng\u00f6r du breda korridorer och entr\u00e9utrymmen, gymnastiksalar och andra \u00f6ppna utrymmen. De breda stommarna p\u00e5 80\u2013120 cm har en egen f\u00e4stmekanism f\u00f6r r\u00f6rdukar.<\/p>\n","protected":false},"featured_media":3787,"template":"","meta":[],"product_brand":[],"product_cat":[199,206],"product_tag":[203,195,204,205],"class_list":{"0":"post-3063","1":"product","2":"type-product","3":"status-publish","4":"has-post-thumbnail","6":"product_cat-framsida","7":"product_cat-sappax-stommar","8":"product_tag-profiljusteringsskaft","9":"product_tag-rorduk","10":"product_tag-sappax-multirengorare","11":"product_tag-sappax-stomme","13":"first","14":"instock","15":"taxable","16":"shipping-taxable","17":"purchasable","18":"product-type-variable"},"_links":{"self":[{"href":"https:\/\/www.sappax.fi\/sv\/wp-json\/wp\/v2\/product\/3063","targetHints":{"allow":["GET"]}}],"collection":[{"href":"https:\/\/www.sappax.fi\/sv\/wp-json\/wp\/v2\/product"}],"about":[{"href":"https:\/\/www.sappax.fi\/sv\/wp-json\/wp\/v2\/types\/product"}],"wp:featuredmedia":[{"embeddable":true,"href":"https:\/\/www.sappax.fi\/sv\/wp-json\/wp\/v2\/media\/3787"}],"wp:attachment":[{"href":"https:\/\/www.sappax.fi\/sv\/wp-json\/wp\/v2\/media?parent=3063"}],"wp:term":[{"taxonomy":"product_brand","embeddable":true,"href":"https:\/\/www.sappax.fi\/sv\/wp-json\/wp\/v2\/product_brand?post=3063"},{"taxonomy":"product_cat","embeddable":true,"href":"https:\/\/www.sappax.fi\/sv\/wp-json\/wp\/v2\/product_cat?post=3063"},{"taxonomy":"product_tag","embeddable":true,"href":"https:\/\/www.sappax.fi\/sv\/wp-json\/wp\/v2\/product_tag?post=3063"}],"curies":[{"name":"wp","href":"https:\/\/api.w.org\/{rel}","templated":true}]}}