{"id":3078,"date":"2021-08-02T10:25:56","date_gmt":"2021-08-02T10:25:56","guid":{"rendered":"https:\/\/www.sappax.fi\/tuote\/for-hemmet-multirengoraren-fran-sappax\/"},"modified":"2023-03-24T15:13:46","modified_gmt":"2023-03-24T15:13:46","slug":"forhemmet-sappax-multirengorare","status":"publish","type":"product","link":"https:\/\/www.sappax.fi\/sv\/tuote\/forhemmet-sappax-multirengorare\/","title":{"rendered":"F\u00f6r hemmet \u2013 Multireng\u00f6raren fr\u00e5n Sappax"},"content":{"rendered":"","protected":false},"excerpt":{"rendered":"<p>Paketet inkluderar en Sappax-stomme p\u00e5 40 eller 50 cm, ett profiljusteringsskaft och tv\u00e5 r\u00f6rdukar (en uppskuren mikrofiber och en mikropolyester). Du kan best\u00e4lla flera r\u00f6rdukar, beroende p\u00e5 din bostads storlek. Till en b\u00f6rjan rekommenderar vi minst tv\u00e5 r\u00f6rdukar.<\/p>\n","protected":false},"featured_media":2898,"template":"","meta":[],"product_brand":[],"product_cat":[209],"product_tag":[204],"class_list":{"0":"post-3078","1":"product","2":"type-product","3":"status-publish","4":"has-post-thumbnail","6":"product_cat-allman","7":"product_tag-sappax-multirengorare","9":"first","10":"instock","11":"taxable","12":"shipping-taxable","13":"purchasable","14":"product-type-variable"},"_links":{"self":[{"href":"https:\/\/www.sappax.fi\/sv\/wp-json\/wp\/v2\/product\/3078","targetHints":{"allow":["GET"]}}],"collection":[{"href":"https:\/\/www.sappax.fi\/sv\/wp-json\/wp\/v2\/product"}],"about":[{"href":"https:\/\/www.sappax.fi\/sv\/wp-json\/wp\/v2\/types\/product"}],"wp:featuredmedia":[{"embeddable":true,"href":"https:\/\/www.sappax.fi\/sv\/wp-json\/wp\/v2\/media\/2898"}],"wp:attachment":[{"href":"https:\/\/www.sappax.fi\/sv\/wp-json\/wp\/v2\/media?parent=3078"}],"wp:term":[{"taxonomy":"product_brand","embeddable":true,"href":"https:\/\/www.sappax.fi\/sv\/wp-json\/wp\/v2\/product_brand?post=3078"},{"taxonomy":"product_cat","embeddable":true,"href":"https:\/\/www.sappax.fi\/sv\/wp-json\/wp\/v2\/product_cat?post=3078"},{"taxonomy":"product_tag","embeddable":true,"href":"https:\/\/www.sappax.fi\/sv\/wp-json\/wp\/v2\/product_tag?post=3078"}],"curies":[{"name":"wp","href":"https:\/\/api.w.org\/{rel}","templated":true}]}}