{"id":3084,"date":"2021-05-12T11:54:49","date_gmt":"2023-03-24T13:40:57","guid":{"rendered":"https:\/\/www.sappax.fi\/tuote\/bordsduk\/"},"modified":"2023-03-24T13:40:57","modified_gmt":"2023-03-24T13:40:57","slug":"sappax-bordsduk","status":"publish","type":"product","link":"https:\/\/www.sappax.fi\/sv\/tuote\/sappax-bordsduk\/","title":{"rendered":"Bordsduk"},"content":{"rendered":"<p>Sappax Bordsduk 32&#215;32 cm i mikrofiber har utvecklats f\u00f6r effektiv reng\u00f6ring med t.ex. KW Siivousvesi och KW:s reng\u00f6ringsprodukter.<\/p>\n<p>Sappax Bordsduk \u00e4r en mycket h\u00f6gklassig v\u00e4vd mikrofiberduk som ocks\u00e5 \u00e4r l\u00e4mplig f\u00f6r kr\u00e4vande objekt.<\/p>\n<p>Maskintv\u00e4tt max. 90 \u00b0C<\/p>\n<p>F\u00f6re duken tas i bruk b\u00f6r den tv\u00e4ttas med ett kort tv\u00e4ttprogram f\u00f6r att avl\u00e4gsna dukens elektriska laddning.<\/p>\n<p>Anv\u00e4nd inte sk\u00f6lj- eller blekningsmedel.<\/p>\n<p>Tv\u00e4tta alltid mikrofibertv\u00e4tten separat.<\/p>\n","protected":false},"excerpt":{"rendered":"<p>Sappax Bordsduk 32&#215;32 cm \u00e4r en mycket h\u00f6gklassig v\u00e4vd mikrofiberduk som ocks\u00e5 \u00e4r l\u00e4mplig f\u00f6r kr\u00e4vande objekt.<\/p>\n","protected":false},"featured_media":2988,"template":"","meta":[],"product_brand":[],"product_cat":[209],"product_tag":[210,213,211,212,196],"class_list":{"0":"post-3084","1":"product","2":"type-product","3":"status-publish","4":"has-post-thumbnail","6":"product_cat-allman","7":"product_tag-bordsduk","8":"product_tag-gron","9":"product_tag-ljusbla","10":"product_tag-ljusrod","11":"product_tag-mikrofiber","13":"first","14":"instock","15":"taxable","16":"shipping-taxable","17":"purchasable","18":"product-type-variable"},"_links":{"self":[{"href":"https:\/\/www.sappax.fi\/sv\/wp-json\/wp\/v2\/product\/3084","targetHints":{"allow":["GET"]}}],"collection":[{"href":"https:\/\/www.sappax.fi\/sv\/wp-json\/wp\/v2\/product"}],"about":[{"href":"https:\/\/www.sappax.fi\/sv\/wp-json\/wp\/v2\/types\/product"}],"wp:featuredmedia":[{"embeddable":true,"href":"https:\/\/www.sappax.fi\/sv\/wp-json\/wp\/v2\/media\/2988"}],"wp:attachment":[{"href":"https:\/\/www.sappax.fi\/sv\/wp-json\/wp\/v2\/media?parent=3084"}],"wp:term":[{"taxonomy":"product_brand","embeddable":true,"href":"https:\/\/www.sappax.fi\/sv\/wp-json\/wp\/v2\/product_brand?post=3084"},{"taxonomy":"product_cat","embeddable":true,"href":"https:\/\/www.sappax.fi\/sv\/wp-json\/wp\/v2\/product_cat?post=3084"},{"taxonomy":"product_tag","embeddable":true,"href":"https:\/\/www.sappax.fi\/sv\/wp-json\/wp\/v2\/product_tag?post=3084"}],"curies":[{"name":"wp","href":"https:\/\/api.w.org\/{rel}","templated":true}]}}