{"id":3121,"date":"2021-04-26T12:25:07","date_gmt":"2023-03-24T13:43:56","guid":{"rendered":"https:\/\/www.sappax.fi\/tuote\/gangad-koppling\/"},"modified":"2023-03-24T15:09:05","modified_gmt":"2023-03-24T15:09:05","slug":"gangadkoppling","status":"publish","type":"product","link":"https:\/\/www.sappax.fi\/sv\/tuote\/gangadkoppling\/","title":{"rendered":"G\u00e4ngad koppling"},"content":{"rendered":"","protected":false},"excerpt":{"rendered":"<p>Den g\u00e4ngade kopplingen \u00e4r l\u00e4mplig f\u00f6r anv\u00e4ndning med profiljusteringsskaft fr\u00e5n Sappax och andra skaft med en diameter p\u00e5 18 mm. Samma skaft kan bl.a. anv\u00e4ndas med en borste. D\u00e5 beh\u00f6ver inte varje st\u00e4dredskap ett eget skaft.<\/p>\n","protected":false},"featured_media":2962,"template":"","meta":[],"product_brand":[],"product_cat":[207],"product_tag":[221,203],"class_list":{"0":"post-3121","1":"product","2":"type-product","3":"status-publish","4":"has-post-thumbnail","6":"product_cat-sappax-skaft-och-skafttillbehor","7":"product_tag-gangad-koppling","8":"product_tag-profiljusteringsskaft","10":"first","11":"instock","12":"taxable","13":"shipping-taxable","14":"purchasable","15":"product-type-simple"},"_links":{"self":[{"href":"https:\/\/www.sappax.fi\/sv\/wp-json\/wp\/v2\/product\/3121","targetHints":{"allow":["GET"]}}],"collection":[{"href":"https:\/\/www.sappax.fi\/sv\/wp-json\/wp\/v2\/product"}],"about":[{"href":"https:\/\/www.sappax.fi\/sv\/wp-json\/wp\/v2\/types\/product"}],"wp:featuredmedia":[{"embeddable":true,"href":"https:\/\/www.sappax.fi\/sv\/wp-json\/wp\/v2\/media\/2962"}],"wp:attachment":[{"href":"https:\/\/www.sappax.fi\/sv\/wp-json\/wp\/v2\/media?parent=3121"}],"wp:term":[{"taxonomy":"product_brand","embeddable":true,"href":"https:\/\/www.sappax.fi\/sv\/wp-json\/wp\/v2\/product_brand?post=3121"},{"taxonomy":"product_cat","embeddable":true,"href":"https:\/\/www.sappax.fi\/sv\/wp-json\/wp\/v2\/product_cat?post=3121"},{"taxonomy":"product_tag","embeddable":true,"href":"https:\/\/www.sappax.fi\/sv\/wp-json\/wp\/v2\/product_tag?post=3121"}],"curies":[{"name":"wp","href":"https:\/\/api.w.org\/{rel}","templated":true}]}}