{"id":3123,"date":"2021-04-26T12:41:40","date_gmt":"2023-03-24T13:44:28","guid":{"rendered":"https:\/\/www.sappax.fi\/tuote\/utbytesgummi-for-sappax-stomme\/"},"modified":"2023-03-24T15:09:31","modified_gmt":"2023-03-24T15:09:31","slug":"sappax-stomme-utbytesgummi","status":"publish","type":"product","link":"https:\/\/www.sappax.fi\/sv\/tuote\/sappax-stomme-utbytesgummi\/","title":{"rendered":"Utbytesgummi f\u00f6r Sappax stomme"},"content":{"rendered":"","protected":false},"excerpt":{"rendered":"<p>Utbytesgummit \u00e4r tillverkat av en antimikrobiell teknisk gummiblandning. Gummina kommer i 6 olika l\u00e4ngder. Tack vare det dubbla bladet \u00e4r livsl\u00e4ngden f\u00f6rdubblad. Det dubbla bladets bladvinkel \u00e4r inte symmetrisk och tack vare bladvinkeln \u00e4r det m\u00f6jligt att torka och sopa under l\u00e5ga niv\u00e5er.<\/p>\n","protected":false},"featured_media":2935,"template":"","meta":[],"product_brand":[],"product_cat":[222],"product_tag":[224,213,225,205,223],"class_list":{"0":"post-3123","1":"product","2":"type-product","3":"status-publish","4":"has-post-thumbnail","6":"product_cat-utbytesgummin","7":"product_tag-antimikrobiell","8":"product_tag-gron","9":"product_tag-multirengorare","10":"product_tag-sappax-stomme","11":"product_tag-utbytesgummi","13":"first","14":"instock","15":"taxable","16":"shipping-taxable","17":"purchasable","18":"product-type-variable"},"_links":{"self":[{"href":"https:\/\/www.sappax.fi\/sv\/wp-json\/wp\/v2\/product\/3123","targetHints":{"allow":["GET"]}}],"collection":[{"href":"https:\/\/www.sappax.fi\/sv\/wp-json\/wp\/v2\/product"}],"about":[{"href":"https:\/\/www.sappax.fi\/sv\/wp-json\/wp\/v2\/types\/product"}],"wp:featuredmedia":[{"embeddable":true,"href":"https:\/\/www.sappax.fi\/sv\/wp-json\/wp\/v2\/media\/2935"}],"wp:attachment":[{"href":"https:\/\/www.sappax.fi\/sv\/wp-json\/wp\/v2\/media?parent=3123"}],"wp:term":[{"taxonomy":"product_brand","embeddable":true,"href":"https:\/\/www.sappax.fi\/sv\/wp-json\/wp\/v2\/product_brand?post=3123"},{"taxonomy":"product_cat","embeddable":true,"href":"https:\/\/www.sappax.fi\/sv\/wp-json\/wp\/v2\/product_cat?post=3123"},{"taxonomy":"product_tag","embeddable":true,"href":"https:\/\/www.sappax.fi\/sv\/wp-json\/wp\/v2\/product_tag?post=3123"}],"curies":[{"name":"wp","href":"https:\/\/api.w.org\/{rel}","templated":true}]}}