{"id":3137,"date":"2021-04-26T13:27:20","date_gmt":"2023-03-24T13:44:50","guid":{"rendered":"https:\/\/www.sappax.fi\/tuote\/klar-raka-med-dubbelt-blad-utbytesgummi-xl\/"},"modified":"2023-03-24T15:09:51","modified_gmt":"2023-03-24T15:09:51","slug":"rakadubbeltblad-utbytesgummi-xl-klar","status":"publish","type":"product","link":"https:\/\/www.sappax.fi\/sv\/tuote\/rakadubbeltblad-utbytesgummi-xl-klar\/","title":{"rendered":"Klar Raka med dubbelt blad, utbytesgummi, XL"},"content":{"rendered":"","protected":false},"excerpt":{"rendered":"<p>Utbytesgummit \u00e4r tillverkat av en antimikrobiell teknisk gummiblandning. Gummina kommer i 6 olika l\u00e4ngder. Tack vare det dubbla bladet \u00e4r livsl\u00e4ngden f\u00f6rdubblad. Det dubbla bladets bladvinkel \u00e4r inte symmetrisk och tack vare bladvinkeln \u00e4r det m\u00f6jligt att torka och sopa under l\u00e5ga niv\u00e5er. Utbytesgummit \u00e4r avsett f\u00f6r rakan med dubbelt blad.<\/p>\n<p>&nbsp;<\/p>\n","protected":false},"featured_media":2937,"template":"","meta":[],"product_brand":[],"product_cat":[222],"product_tag":[224,227,217,223,226],"class_list":{"0":"post-3137","1":"product","2":"type-product","3":"status-publish","4":"has-post-thumbnail","6":"product_cat-utbytesgummin","7":"product_tag-antimikrobiell","8":"product_tag-klar","9":"product_tag-raka-med-dubbelt-blad","10":"product_tag-utbytesgummi","11":"product_tag-xl-sv","13":"first","14":"instock","15":"taxable","16":"shipping-taxable","17":"purchasable","18":"product-type-variable"},"_links":{"self":[{"href":"https:\/\/www.sappax.fi\/sv\/wp-json\/wp\/v2\/product\/3137","targetHints":{"allow":["GET"]}}],"collection":[{"href":"https:\/\/www.sappax.fi\/sv\/wp-json\/wp\/v2\/product"}],"about":[{"href":"https:\/\/www.sappax.fi\/sv\/wp-json\/wp\/v2\/types\/product"}],"wp:featuredmedia":[{"embeddable":true,"href":"https:\/\/www.sappax.fi\/sv\/wp-json\/wp\/v2\/media\/2937"}],"wp:attachment":[{"href":"https:\/\/www.sappax.fi\/sv\/wp-json\/wp\/v2\/media?parent=3137"}],"wp:term":[{"taxonomy":"product_brand","embeddable":true,"href":"https:\/\/www.sappax.fi\/sv\/wp-json\/wp\/v2\/product_brand?post=3137"},{"taxonomy":"product_cat","embeddable":true,"href":"https:\/\/www.sappax.fi\/sv\/wp-json\/wp\/v2\/product_cat?post=3137"},{"taxonomy":"product_tag","embeddable":true,"href":"https:\/\/www.sappax.fi\/sv\/wp-json\/wp\/v2\/product_tag?post=3137"}],"curies":[{"name":"wp","href":"https:\/\/api.w.org\/{rel}","templated":true}]}}