{"id":3145,"date":"2021-04-27T08:18:00","date_gmt":"2023-03-24T13:45:34","guid":{"rendered":"https:\/\/www.sappax.fi\/tuote\/vaska-for-stadtillbehor\/"},"modified":"2023-03-24T15:10:18","modified_gmt":"2023-03-24T15:10:18","slug":"vaskastadtillbehor","status":"publish","type":"product","link":"https:\/\/www.sappax.fi\/sv\/tuote\/vaskastadtillbehor\/","title":{"rendered":"V\u00e4ska f\u00f6r st\u00e4dtillbeh\u00f6r"},"content":{"rendered":"","protected":false},"excerpt":{"rendered":"<p>Du kan anv\u00e4nda v\u00e4skan med st\u00e4dtillbeh\u00f6r f\u00f6r att b\u00e4ra med dig allt n\u00f6dv\u00e4ndigt. St\u00e4dredskap och reng\u00f6ringsmedel. Vid behov ocks\u00e5 dina arbetsskor.<\/p>\n<p>V\u00e4skan kommer i tv\u00e5 storlekar. En st\u00f6rre med 2 hinkar, 5 fickor i olika storlekar, plats f\u00f6r tv\u00e5 skaft, en ficka f\u00f6r st\u00e4dredskap, en liten ficka med f\u00f6nster f\u00f6r visitkort och en st\u00f6rre f\u00f6r information i storlek A4.<\/p>\n<p>I den mindre finns tv\u00e5 hinkar och mindre f\u00f6rvaringsutrymme. En mindre v\u00e4ska f\u00f6r st\u00e4dtillbeh\u00f6r f\u00e5s p\u00e5 best\u00e4llning.<\/p>\n<p>&nbsp;<\/p>\n","protected":false},"featured_media":3765,"template":"","meta":[],"product_brand":[],"product_cat":[230],"product_tag":[233,234,232,231],"class_list":{"0":"post-3145","1":"product","2":"type-product","3":"status-publish","4":"has-post-thumbnail","6":"product_cat-vaska-for-stadtillbehor","7":"product_tag-bla","8":"product_tag-hink","9":"product_tag-vaska","10":"product_tag-vaska-for-stadtillbehor","12":"first","13":"instock","14":"taxable","15":"shipping-taxable","16":"purchasable","17":"product-type-simple"},"_links":{"self":[{"href":"https:\/\/www.sappax.fi\/sv\/wp-json\/wp\/v2\/product\/3145","targetHints":{"allow":["GET"]}}],"collection":[{"href":"https:\/\/www.sappax.fi\/sv\/wp-json\/wp\/v2\/product"}],"about":[{"href":"https:\/\/www.sappax.fi\/sv\/wp-json\/wp\/v2\/types\/product"}],"wp:featuredmedia":[{"embeddable":true,"href":"https:\/\/www.sappax.fi\/sv\/wp-json\/wp\/v2\/media\/3765"}],"wp:attachment":[{"href":"https:\/\/www.sappax.fi\/sv\/wp-json\/wp\/v2\/media?parent=3145"}],"wp:term":[{"taxonomy":"product_brand","embeddable":true,"href":"https:\/\/www.sappax.fi\/sv\/wp-json\/wp\/v2\/product_brand?post=3145"},{"taxonomy":"product_cat","embeddable":true,"href":"https:\/\/www.sappax.fi\/sv\/wp-json\/wp\/v2\/product_cat?post=3145"},{"taxonomy":"product_tag","embeddable":true,"href":"https:\/\/www.sappax.fi\/sv\/wp-json\/wp\/v2\/product_tag?post=3145"}],"curies":[{"name":"wp","href":"https:\/\/api.w.org\/{rel}","templated":true}]}}