{"id":3148,"date":"2021-04-27T08:28:54","date_gmt":"2023-03-24T13:45:52","guid":{"rendered":"https:\/\/www.sappax.fi\/tuote\/ytraka\/"},"modified":"2023-03-24T15:10:35","modified_gmt":"2023-03-24T15:10:35","slug":"ytraka","status":"publish","type":"product","link":"https:\/\/www.sappax.fi\/sv\/tuote\/ytraka\/","title":{"rendered":"Ytraka"},"content":{"rendered":"","protected":false},"excerpt":{"rendered":"<p>Ytrakan \u00e4r en ergonomisk och hygienisk raka f\u00f6r plana ytor. Rakan drar \u00e5t sig vatten, mj\u00f6l osv. fr\u00e5n ytorna. Gummit \u00e4r en antimikrobiell gummiblandning. Rakan bildas av tv\u00e5 olika produkter, det vill s\u00e4ga raka med dubbelt blad 7030L eller 7030XL p\u00e5 30 cm och kort skaft 8020.<\/p>\n","protected":false},"featured_media":3791,"template":"","meta":[],"product_brand":[],"product_cat":[216],"product_tag":[],"class_list":{"0":"post-3148","1":"product","2":"type-product","3":"status-publish","4":"has-post-thumbnail","6":"product_cat-rakor-med-dubbelt-blad","8":"first","9":"instock","10":"taxable","11":"shipping-taxable","12":"purchasable","13":"product-type-simple"},"_links":{"self":[{"href":"https:\/\/www.sappax.fi\/sv\/wp-json\/wp\/v2\/product\/3148","targetHints":{"allow":["GET"]}}],"collection":[{"href":"https:\/\/www.sappax.fi\/sv\/wp-json\/wp\/v2\/product"}],"about":[{"href":"https:\/\/www.sappax.fi\/sv\/wp-json\/wp\/v2\/types\/product"}],"wp:featuredmedia":[{"embeddable":true,"href":"https:\/\/www.sappax.fi\/sv\/wp-json\/wp\/v2\/media\/3791"}],"wp:attachment":[{"href":"https:\/\/www.sappax.fi\/sv\/wp-json\/wp\/v2\/media?parent=3148"}],"wp:term":[{"taxonomy":"product_brand","embeddable":true,"href":"https:\/\/www.sappax.fi\/sv\/wp-json\/wp\/v2\/product_brand?post=3148"},{"taxonomy":"product_cat","embeddable":true,"href":"https:\/\/www.sappax.fi\/sv\/wp-json\/wp\/v2\/product_cat?post=3148"},{"taxonomy":"product_tag","embeddable":true,"href":"https:\/\/www.sappax.fi\/sv\/wp-json\/wp\/v2\/product_tag?post=3148"}],"curies":[{"name":"wp","href":"https:\/\/api.w.org\/{rel}","templated":true}]}}