{"id":3408,"date":"2023-10-18T11:12:32","date_gmt":"2023-10-18T11:12:32","guid":{"rendered":"https:\/\/www.sappax.fi\/?post_type=product&#038;p=3408"},"modified":"2025-04-24T07:52:32","modified_gmt":"2025-04-24T07:52:32","slug":"paxxo-longopac-mini-pussiputki-60m","status":"publish","type":"product","link":"https:\/\/www.sappax.fi\/sv\/tuote\/paxxo-longopac-mini-pussiputki-60m\/","title":{"rendered":"PAXXO Longopac mini &#8211; pussiputki 60m"},"content":{"rendered":"<p>Ainutlaatuinen Paxxo\u00a0<strong>Longopac\u00a0<sup>\u00ae<\/sup><\/strong>\u00a0-pussij\u00e4rjestelm\u00e4 mahdollistaa \u00e4lykk\u00e4\u00e4mm\u00e4n j\u00e4tteenk\u00e4sittelyn ja innovatiiviset pakkaussovellukset paremman ty\u00f6ymp\u00e4rist\u00f6n ammattilaisille.<\/p>\n<p>Longopac-pussikasetti on hygieeninen, sill\u00e4 pussit vaihdetaan ja suljetaan ulkopuolelta, mik\u00e4 varmistaa, ettei se kosketa j\u00e4tteeseen.\u00a0Longopac on valmistettu eritt\u00e4in ohuesta ja vahvasta 3-kerroksisesta polyeteenimateriaalista.<br \/>\nPussimateriaali taitetaan kompakteiksi kasetteiksi erityisesti kehitetyiss\u00e4 taittokoneissa.\u00a0K\u00e4ytt\u00e4m\u00e4ll\u00e4 Longopacia saat paljon etuja aikaa s\u00e4\u00e4st\u00e4v\u00e4n k\u00e4sittelyn, alhaisen materiaalinkulutuksen ja alhaiset kuljetuskustannukset verrattuna perinteiseen j\u00e4tepussiin.<br \/>\nLaukkukasettia on saatavana useissa eri v\u00e4reiss\u00e4 ja vahvuuksina sek\u00e4\u00a0<strong>Mini-<\/strong>\u00a0,\u00a0<strong>Midi-<\/strong>\u00a0ja\u00a0<strong>Maxi-<\/strong>\u00a0kokoisina.<br \/>\nLongopac on sertifioitu k\u00e4ytett\u00e4v\u00e4ksi erilaisissa k\u00e4sittelyiss\u00e4: hajuntorjunta, biohajoava, elintarvike, ESD ja steriili.<\/p>\n","protected":false},"excerpt":{"rendered":"<p>Longopac-pussikasetti on hygieeninen, sill\u00e4 pussit vaihdetaan ja suljetaan ulkopuolelta, mik\u00e4 varmistaa, ettei se kosketa j\u00e4tteeseen.\u00a0Longopac on valmistettu eritt\u00e4in ohuesta ja vahvasta 3-kerroksisesta polyeteenimateriaalista.<\/p>\n","protected":false},"featured_media":3378,"template":"","meta":[],"product_brand":[],"product_cat":[240],"product_tag":[],"class_list":{"0":"post-3408","1":"product","2":"type-product","3":"status-publish","4":"has-post-thumbnail","6":"product_cat-paxxo","8":"first","9":"instock","10":"taxable","11":"shipping-taxable","12":"purchasable","13":"product-type-variable"},"_links":{"self":[{"href":"https:\/\/www.sappax.fi\/sv\/wp-json\/wp\/v2\/product\/3408","targetHints":{"allow":["GET"]}}],"collection":[{"href":"https:\/\/www.sappax.fi\/sv\/wp-json\/wp\/v2\/product"}],"about":[{"href":"https:\/\/www.sappax.fi\/sv\/wp-json\/wp\/v2\/types\/product"}],"wp:featuredmedia":[{"embeddable":true,"href":"https:\/\/www.sappax.fi\/sv\/wp-json\/wp\/v2\/media\/3378"}],"wp:attachment":[{"href":"https:\/\/www.sappax.fi\/sv\/wp-json\/wp\/v2\/media?parent=3408"}],"wp:term":[{"taxonomy":"product_brand","embeddable":true,"href":"https:\/\/www.sappax.fi\/sv\/wp-json\/wp\/v2\/product_brand?post=3408"},{"taxonomy":"product_cat","embeddable":true,"href":"https:\/\/www.sappax.fi\/sv\/wp-json\/wp\/v2\/product_cat?post=3408"},{"taxonomy":"product_tag","embeddable":true,"href":"https:\/\/www.sappax.fi\/sv\/wp-json\/wp\/v2\/product_tag?post=3408"}],"curies":[{"name":"wp","href":"https:\/\/api.w.org\/{rel}","templated":true}]}}