{"id":3426,"date":"2023-10-18T13:10:09","date_gmt":"2023-10-18T13:10:09","guid":{"rendered":"https:\/\/www.sappax.fi\/?post_type=product&#038;p=3426"},"modified":"2024-09-02T11:26:39","modified_gmt":"2024-09-02T11:26:39","slug":"paxxo-longopac-classic-stand","status":"publish","type":"product","link":"https:\/\/www.sappax.fi\/sv\/tuote\/paxxo-longopac-classic-stand\/","title":{"rendered":"PAXXO Longopac Classic Stand"},"content":{"rendered":"<p>Ainutlaatuinen Paxxo\u00a0<strong>Longopac\u00a0<sup>\u00ae<\/sup><\/strong>\u00a0-pussij\u00e4rjestelm\u00e4 mahdollistaa \u00e4lykk\u00e4\u00e4mm\u00e4n j\u00e4tteenk\u00e4sittelyn ja innovatiiviset pakkaussovellukset paremman ty\u00f6ymp\u00e4rist\u00f6n ammattilaisille.<\/p>\n<p>Longopac Standi\u00e4 (telinett\u00e4 pussikasetille) on saatavana <strong>Mini-<\/strong>\u00a0,\u00a0<strong>Midi-<\/strong>\u00a0ja\u00a0<strong>Maxi-<\/strong> kokoisina.<br \/>\nLongopac-pussikasetti on hygieeninen, sill\u00e4 pussit vaihdetaan ja suljetaan ulkopuolelta, mik\u00e4 varmistaa, ettei se kosketa j\u00e4tteeseen. Longopac on valmistettu eritt\u00e4in ohuesta ja vahvasta 3-kerroksisesta polyeteenimateriaalista.<br \/>\nPussimateriaali taitetaan kompakteiksi kasetteiksi erityisesti kehitetyiss\u00e4 taittokoneissa.\u00a0K\u00e4ytt\u00e4m\u00e4ll\u00e4 Longopacia saat paljon etuja aikaa s\u00e4\u00e4st\u00e4v\u00e4n k\u00e4sittelyn, alhaisen materiaalinkulutuksen ja alhaiset kuljetuskustannukset verrattuna perinteiseen j\u00e4tepussiin.<br \/>\nLongopac on sertifioitu k\u00e4ytett\u00e4v\u00e4ksi erilaisissa k\u00e4sittelyiss\u00e4: hajuntorjunta, biohajoava, elintarvike, ESD ja steriili.<\/p>\n","protected":false},"excerpt":{"rendered":"<p>Ainutlaatuinen Paxxo <strong>Longopac\u00a0<sup>\u00ae<\/sup><\/strong>\u00a0-pussij\u00e4rjestelm\u00e4 mahdollistaa \u00e4lykk\u00e4\u00e4mm\u00e4n j\u00e4tteenk\u00e4sittelyn ja innovatiiviset pakkaussovellukset paremman ty\u00f6ymp\u00e4rist\u00f6n ammattilaisille.<\/p>\n<p>Longopac Standi\u00e4 (telinett\u00e4 pussikasetille) on saatavana <strong>Mini-<\/strong>\u00a0,\u00a0<strong>Midi-<\/strong>\u00a0ja\u00a0<strong>Maxi-<\/strong> kokoisina.<\/p>\n","protected":false},"featured_media":3431,"template":"","meta":[],"product_brand":[],"product_cat":[240],"product_tag":[],"class_list":{"0":"post-3426","1":"product","2":"type-product","3":"status-publish","4":"has-post-thumbnail","6":"product_cat-paxxo","8":"first","9":"instock","10":"taxable","11":"shipping-taxable","12":"purchasable","13":"product-type-variable"},"_links":{"self":[{"href":"https:\/\/www.sappax.fi\/sv\/wp-json\/wp\/v2\/product\/3426","targetHints":{"allow":["GET"]}}],"collection":[{"href":"https:\/\/www.sappax.fi\/sv\/wp-json\/wp\/v2\/product"}],"about":[{"href":"https:\/\/www.sappax.fi\/sv\/wp-json\/wp\/v2\/types\/product"}],"wp:featuredmedia":[{"embeddable":true,"href":"https:\/\/www.sappax.fi\/sv\/wp-json\/wp\/v2\/media\/3431"}],"wp:attachment":[{"href":"https:\/\/www.sappax.fi\/sv\/wp-json\/wp\/v2\/media?parent=3426"}],"wp:term":[{"taxonomy":"product_brand","embeddable":true,"href":"https:\/\/www.sappax.fi\/sv\/wp-json\/wp\/v2\/product_brand?post=3426"},{"taxonomy":"product_cat","embeddable":true,"href":"https:\/\/www.sappax.fi\/sv\/wp-json\/wp\/v2\/product_cat?post=3426"},{"taxonomy":"product_tag","embeddable":true,"href":"https:\/\/www.sappax.fi\/sv\/wp-json\/wp\/v2\/product_tag?post=3426"}],"curies":[{"name":"wp","href":"https:\/\/api.w.org\/{rel}","templated":true}]}}